{"id":10249,"date":"2025-12-26T22:12:03","date_gmt":"2025-12-26T21:12:03","guid":{"rendered":"https:\/\/www.francoisburgher.fr\/?page_id=10249"},"modified":"2025-12-26T22:12:03","modified_gmt":"2025-12-26T21:12:03","slug":"outre-realite","status":"publish","type":"page","link":"https:\/\/www.francoisburgher.fr\/en\/outre-realite\/","title":{"rendered":"Outre-R\u00e9alit\u00e9"},"content":{"rendered":"<p>bla bla outre r\u00e9alit\u00e9<\/p>\n<p>grjsiodgqjsroipYHJIOPQER&lt;KJYW\u00d4<\/p>\n","protected":false},"excerpt":{"rendered":"<p>bla bla outre r\u00e9alit\u00e9 grjsiodgqjsroipYHJIOPQER&lt;KJYW\u00d4<\/p>\n","protected":false},"author":2,"featured_media":0,"parent":0,"menu_order":500,"comment_status":"closed","ping_status":"closed","template":"","meta":{"_acf_changed":false,"footnotes":""},"class_list":["post-10249","page","type-page","status-publish","hentry"],"acf":[],"yoast_head":"<!-- This site is optimized with the Yoast SEO plugin v27.3 - https:\/\/yoast.com\/product\/yoast-seo-wordpress\/ -->\n<title>Outre-R\u00e9alit\u00e9 - Fran\u00e7ois Burgher<\/title>\n<meta name=\"robots\" content=\"index, follow, max-snippet:-1, max-image-preview:large, max-video-preview:-1\" \/>\n<link rel=\"canonical\" href=\"https:\/\/www.francoisburgher.fr\/en\/outre-realite\/\" \/>\n<meta property=\"og:locale\" content=\"en_US\" \/>\n<meta property=\"og:type\" content=\"article\" \/>\n<meta property=\"og:title\" content=\"Outre-R\u00e9alit\u00e9 - Fran\u00e7ois Burgher\" \/>\n<meta property=\"og:description\" content=\"bla bla outre r\u00e9alit\u00e9 grjsiodgqjsroipYHJIOPQER&lt;KJYW\u00d4\" \/>\n<meta property=\"og:url\" content=\"https:\/\/www.francoisburgher.fr\/en\/outre-realite\/\" \/>\n<meta property=\"og:site_name\" content=\"Fran\u00e7ois Burgher\" \/>\n<meta name=\"twitter:card\" content=\"summary_large_image\" \/>\n<meta name=\"twitter:label1\" content=\"Est. reading time\" \/>\n\t<meta name=\"twitter:data1\" content=\"1 minute\" \/>\n<script type=\"application\/ld+json\" class=\"yoast-schema-graph\">{\"@context\":\"https:\\\/\\\/schema.org\",\"@graph\":[{\"@type\":\"WebPage\",\"@id\":\"https:\\\/\\\/www.francoisburgher.fr\\\/en\\\/outre-realite\\\/\",\"url\":\"https:\\\/\\\/www.francoisburgher.fr\\\/en\\\/outre-realite\\\/\",\"name\":\"Outre-R\u00e9alit\u00e9 - Fran\u00e7ois Burgher\",\"isPartOf\":{\"@id\":\"https:\\\/\\\/www.francoisburgher.fr\\\/fr\\\/#website\"},\"datePublished\":\"2025-12-26T21:12:03+00:00\",\"breadcrumb\":{\"@id\":\"https:\\\/\\\/www.francoisburgher.fr\\\/en\\\/outre-realite\\\/#breadcrumb\"},\"inLanguage\":\"en-US\",\"potentialAction\":[{\"@type\":\"ReadAction\",\"target\":[\"https:\\\/\\\/www.francoisburgher.fr\\\/en\\\/outre-realite\\\/\"]}]},{\"@type\":\"BreadcrumbList\",\"@id\":\"https:\\\/\\\/www.francoisburgher.fr\\\/en\\\/outre-realite\\\/#breadcrumb\",\"itemListElement\":[{\"@type\":\"ListItem\",\"position\":1,\"name\":\"Home\",\"item\":\"https:\\\/\\\/www.francoisburgher.fr\\\/en\\\/\"},{\"@type\":\"ListItem\",\"position\":2,\"name\":\"Outre-R\u00e9alit\u00e9\"}]},{\"@type\":\"WebSite\",\"@id\":\"https:\\\/\\\/www.francoisburgher.fr\\\/fr\\\/#website\",\"url\":\"https:\\\/\\\/www.francoisburgher.fr\\\/fr\\\/\",\"name\":\"Fran\u00e7ois Burgher\",\"description\":\"Un site utilisant WordPress\",\"potentialAction\":[{\"@type\":\"SearchAction\",\"target\":{\"@type\":\"EntryPoint\",\"urlTemplate\":\"https:\\\/\\\/www.francoisburgher.fr\\\/fr\\\/?s={search_term_string}\"},\"query-input\":{\"@type\":\"PropertyValueSpecification\",\"valueRequired\":true,\"valueName\":\"search_term_string\"}}],\"inLanguage\":\"en-US\"}]}<\/script>\n<!-- \/ Yoast SEO plugin. -->","yoast_head_json":{"title":"Outre-R\u00e9alit\u00e9 - Fran\u00e7ois Burgher","robots":{"index":"index","follow":"follow","max-snippet":"max-snippet:-1","max-image-preview":"max-image-preview:large","max-video-preview":"max-video-preview:-1"},"canonical":"https:\/\/www.francoisburgher.fr\/en\/outre-realite\/","og_locale":"en_US","og_type":"article","og_title":"Outre-R\u00e9alit\u00e9 - Fran\u00e7ois Burgher","og_description":"bla bla outre r\u00e9alit\u00e9 grjsiodgqjsroipYHJIOPQER&lt;KJYW\u00d4","og_url":"https:\/\/www.francoisburgher.fr\/en\/outre-realite\/","og_site_name":"Fran\u00e7ois Burgher","twitter_card":"summary_large_image","twitter_misc":{"Est. reading time":"1 minute"},"schema":{"@context":"https:\/\/schema.org","@graph":[{"@type":"WebPage","@id":"https:\/\/www.francoisburgher.fr\/en\/outre-realite\/","url":"https:\/\/www.francoisburgher.fr\/en\/outre-realite\/","name":"Outre-R\u00e9alit\u00e9 - Fran\u00e7ois Burgher","isPartOf":{"@id":"https:\/\/www.francoisburgher.fr\/fr\/#website"},"datePublished":"2025-12-26T21:12:03+00:00","breadcrumb":{"@id":"https:\/\/www.francoisburgher.fr\/en\/outre-realite\/#breadcrumb"},"inLanguage":"en-US","potentialAction":[{"@type":"ReadAction","target":["https:\/\/www.francoisburgher.fr\/en\/outre-realite\/"]}]},{"@type":"BreadcrumbList","@id":"https:\/\/www.francoisburgher.fr\/en\/outre-realite\/#breadcrumb","itemListElement":[{"@type":"ListItem","position":1,"name":"Home","item":"https:\/\/www.francoisburgher.fr\/en\/"},{"@type":"ListItem","position":2,"name":"Outre-R\u00e9alit\u00e9"}]},{"@type":"WebSite","@id":"https:\/\/www.francoisburgher.fr\/fr\/#website","url":"https:\/\/www.francoisburgher.fr\/fr\/","name":"Fran\u00e7ois Burgher","description":"Un site utilisant WordPress","potentialAction":[{"@type":"SearchAction","target":{"@type":"EntryPoint","urlTemplate":"https:\/\/www.francoisburgher.fr\/fr\/?s={search_term_string}"},"query-input":{"@type":"PropertyValueSpecification","valueRequired":true,"valueName":"search_term_string"}}],"inLanguage":"en-US"}]}},"_links":{"self":[{"href":"https:\/\/www.francoisburgher.fr\/en\/wp-json\/wp\/v2\/pages\/10249","targetHints":{"allow":["GET"]}}],"collection":[{"href":"https:\/\/www.francoisburgher.fr\/en\/wp-json\/wp\/v2\/pages"}],"about":[{"href":"https:\/\/www.francoisburgher.fr\/en\/wp-json\/wp\/v2\/types\/page"}],"author":[{"embeddable":true,"href":"https:\/\/www.francoisburgher.fr\/en\/wp-json\/wp\/v2\/users\/2"}],"replies":[{"embeddable":true,"href":"https:\/\/www.francoisburgher.fr\/en\/wp-json\/wp\/v2\/comments?post=10249"}],"version-history":[{"count":1,"href":"https:\/\/www.francoisburgher.fr\/en\/wp-json\/wp\/v2\/pages\/10249\/revisions"}],"predecessor-version":[{"id":10252,"href":"https:\/\/www.francoisburgher.fr\/en\/wp-json\/wp\/v2\/pages\/10249\/revisions\/10252"}],"wp:attachment":[{"href":"https:\/\/www.francoisburgher.fr\/en\/wp-json\/wp\/v2\/media?parent=10249"}],"curies":[{"name":"wp","href":"https:\/\/api.w.org\/{rel}","templated":true}]}}